{"id":90097,"date":"2021-03-30T14:43:28","date_gmt":"2021-03-30T12:43:28","guid":{"rendered":"https:\/\/undsgn.com\/uncode\/?page_id=90097"},"modified":"2025-09-12T11:40:07","modified_gmt":"2025-09-12T11:40:07","slug":"creative-studio","status":"publish","type":"page","link":"https:\/\/elbmarschzerspanung.de\/","title":{"rendered":"Zerspanungstechnik Marko Behr"},"content":{"rendered":"<div class=\"wpb-content-wrapper\"><p>[vc_row row_height_percent=&#8220;85&#8243; override_padding=&#8220;yes&#8220; h_padding=&#8220;2&#8243; top_padding=&#8220;7&#8243; bottom_padding=&#8220;7&#8243; back_color=&#8220;color-nhtu&#8220; overlay_alpha=&#8220;50&#8243; gutter_size=&#8220;4&#8243; column_width_percent=&#8220;100&#8243; shift_y=&#8220;0&#8243; z_index=&#8220;0&#8243; uncode_shortcode_id=&#8220;819382&#8243; back_color_type=&#8220;uncode-palette&#8220;][vc_column column_width_percent=&#8220;100&#8243; position_vertical=&#8220;middle&#8220; gutter_size=&#8220;3&#8243; style=&#8220;dark&#8220; overlay_alpha=&#8220;50&#8243; shift_x=&#8220;0&#8243; shift_y=&#8220;0&#8243; shift_y_down=&#8220;0&#8243; z_index=&#8220;0&#8243; medium_width=&#8220;0&#8243; mobile_width=&#8220;0&#8243; css_animation=&#8220;bottom-t-top&#8220; animation_speed=&#8220;1000&#8243; width=&#8220;1\/1&#8243; uncode_shortcode_id=&#8220;781223&#8243;][vc_row_inner row_inner_height_percent=&#8220;0&#8243; force_width_grid=&#8220;yes&#8220; overlay_alpha=&#8220;50&#8243; gutter_size=&#8220;4&#8243; shift_y=&#8220;0&#8243; z_index=&#8220;0&#8243; limit_content=&#8220;&#8220; uncode_shortcode_id=&#8220;145534&#8243;][vc_column_inner column_width_percent=&#8220;100&#8243; gutter_size=&#8220;2&#8243; style=&#8220;dark&#8220; overlay_alpha=&#8220;50&#8243; shift_x=&#8220;0&#8243; shift_y=&#8220;0&#8243; shift_y_down=&#8220;0&#8243; z_index=&#8220;0&#8243; medium_width=&#8220;0&#8243; mobile_width=&#8220;0&#8243; width=&#8220;1\/1&#8243; uncode_shortcode_id=&#8220;213556&#8243;][vc_custom_heading heading_semantic=&#8220;h1&#8243; text_size=&#8220;&#8220; text_weight=&#8220;900&#8243; uncode_shortcode_id=&#8220;210995&#8243;]Pr\u00e4zision in jedem Schnitt.<br \/>\nWir k\u00f6nnen qualitative Zerspanung.[\/vc_custom_heading][vc_empty_space][\/vc_column_inner][\/vc_row_inner][vc_row_inner limit_content=&#8220;&#8220;][vc_column_inner width=&#8220;1\/3&#8243;][vc_button button_color=&#8220;color-prif&#8220; size=&#8220;btn-lg&#8220; text_skin=&#8220;yes&#8220; custom_typo=&#8220;yes&#8220; font_family=&#8220;font-555555&#8243; font_weight=&#8220;400&#8243; border_width=&#8220;0&#8243; scale_mobile=&#8220;no&#8220; uncode_shortcode_id=&#8220;227446&#8243; button_color_type=&#8220;uncode-palette&#8220; link=&#8220;url:%23works&#8220;]ein paar Beispiele \u2193[\/vc_button][\/vc_column_inner][vc_column_inner width=&#8220;1\/3&#8243;][vc_button button_color=&#8220;color-175913&#8243; size=&#8220;btn-lg&#8220; text_skin=&#8220;yes&#8220; custom_typo=&#8220;yes&#8220; font_family=&#8220;font-555555&#8243; font_weight=&#8220;400&#8243; border_width=&#8220;0&#8243; scale_mobile=&#8220;no&#8220; uncode_shortcode_id=&#8220;420892&#8243; button_color_type=&#8220;uncode-palette&#8220; link=&#8220;url:%2Fbewerbung.html&#8220;]hier bewerben[\/vc_button][\/vc_column_inner][vc_column_inner width=&#8220;1\/3&#8243;][\/vc_column_inner][\/vc_row_inner][\/vc_column][\/vc_row][vc_row unlock_row_content=&#8220;yes&#8220; row_height_percent=&#8220;100&#8243; override_padding=&#8220;yes&#8220; h_padding=&#8220;0&#8243; top_padding=&#8220;0&#8243; bottom_padding=&#8220;0&#8243; back_color=&#8220;color-nhtu&#8220; overlay_alpha=&#8220;50&#8243; gutter_size=&#8220;3&#8243; column_width_percent=&#8220;100&#8243; shift_y=&#8220;0&#8243; z_index=&#8220;0&#8243; uncode_shortcode_id=&#8220;194429&#8243; back_color_type=&#8220;uncode-palette&#8220; row_name=&#8220;works&#8220;][vc_column column_width_percent=&#8220;100&#8243; gutter_size=&#8220;3&#8243; style=&#8220;dark&#8220; overlay_alpha=&#8220;50&#8243; shift_x=&#8220;0&#8243; shift_y=&#8220;0&#8243; shift_y_down=&#8220;0&#8243; z_index=&#8220;0&#8243; medium_width=&#8220;0&#8243; mobile_width=&#8220;0&#8243; width=&#8220;1\/1&#8243; uncode_shortcode_id=&#8220;101065&#8243;][uncode_index el_id=&#8220;index-455971&#8243; index_type=&#8220;sticky-scroll&#8220; loop=&#8220;size:6|order_by:date|post_type:portfolio|taxonomy_count:10&#8243; sticky_thumb_size=&#8220;fluid&#8220; sticky_th_grid_lg=&#8220;1&#8243; sticky_th_grid_md=&#8220;1&#8243; sticky_th_grid_sm=&#8220;1&#8243; sticky_th_vh_lg=&#8220;100&#8243; sticky_th_vh_md=&#8220;100&#8243; sticky_th_vh_sm=&#8220;100&#8243; gutter_size=&#8220;0&#8243; portfolio_items=&#8220;media|featured|onpost|original&#8220; single_text=&#8220;overlay&#8220; single_overlay_opacity=&#8220;50&#8243; single_overlay_anim=&#8220;no&#8220; single_text_visible=&#8220;yes&#8220; single_text_anim=&#8220;no&#8220; single_image_magnetic=&#8220;yes&#8220; single_v_position=&#8220;bottom&#8220; single_reduced=&#8220;limit-width&#8220; single_padding=&#8220;3&#8243; single_padding_vertical=&#8220;yes&#8220; single_elements_click=&#8220;yes&#8220; single_title_dimension=&#8220;h3&#8243; single_title_weight=&#8220;400&#8243; single_border=&#8220;yes&#8220; custom_order=&#8220;yes&#8220; horizontal_th_size=&#8220;vh&#8220; uncode_shortcode_id=&#8220;286602&#8243; order_ids=&#8220;130992,130997,130977,130973,4154,131000&#8243;][\/vc_column][\/vc_row][vc_row row_height_percent=&#8220;0&#8243; override_padding=&#8220;yes&#8220; h_padding=&#8220;2&#8243; top_padding=&#8220;0&#8243; bottom_padding=&#8220;0&#8243; back_color=&#8220;color-jevc&#8220; overlay_alpha=&#8220;50&#8243; gutter_size=&#8220;3&#8243; column_width_percent=&#8220;100&#8243; shift_y=&#8220;0&#8243; z_index=&#8220;0&#8243; top_divider=&#8220;step&#8220; uncode_shortcode_id=&#8220;141293&#8243; back_color_type=&#8220;uncode-palette&#8220;][vc_column column_width_percent=&#8220;100&#8243; align_horizontal=&#8220;align_center&#8220; gutter_size=&#8220;3&#8243; override_padding=&#8220;yes&#8220; column_padding=&#8220;4&#8243; style=&#8220;dark&#8220; overlay_alpha=&#8220;50&#8243; shift_x=&#8220;0&#8243; shift_y=&#8220;0&#8243; shift_y_fixed=&#8220;yes&#8220; shift_y_down=&#8220;0&#8243; z_index=&#8220;0&#8243; medium_width=&#8220;0&#8243; mobile_width=&#8220;0&#8243; radius=&#8220;sm&#8220; shadow=&#8220;xl&#8220; shadow_darker=&#8220;yes&#8220; width=&#8220;1\/1&#8243; uncode_shortcode_id=&#8220;187294&#8243;][vc_row_inner row_inner_height_percent=&#8220;0&#8243; overlay_alpha=&#8220;50&#8243; gutter_size=&#8220;3&#8243; shift_y=&#8220;0&#8243; z_index=&#8220;0&#8243; limit_content=&#8220;&#8220; uncode_shortcode_id=&#8220;442479&#8243;][vc_column_inner column_width_percent=&#8220;100&#8243; position_vertical=&#8220;middle&#8220; align_horizontal=&#8220;align_center&#8220; gutter_size=&#8220;0&#8243; style=&#8220;dark&#8220; font_family=&#8220;font-136269&#8243; overlay_alpha=&#8220;50&#8243; shift_x=&#8220;0&#8243; shift_y=&#8220;0&#8243; shift_y_down=&#8220;0&#8243; z_index=&#8220;0&#8243; medium_width=&#8220;0&#8243; mobile_width=&#8220;0&#8243; width=&#8220;4\/12&#8243; uncode_shortcode_id=&#8220;201410&#8243;][vc_custom_heading heading_semantic=&#8220;h5&#8243; text_size=&#8220;h4&#8243; text_weight=&#8220;400&#8243; uncode_shortcode_id=&#8220;169180&#8243;]Marko Behr[\/vc_custom_heading][vc_column_text uncode_shortcode_id=&#8220;191395&#8243;]Firmeninhaber[\/vc_column_text][\/vc_column_inner][vc_column_inner column_width_percent=&#8220;100&#8243; gutter_size=&#8220;3&#8243; style=&#8220;dark&#8220; overlay_alpha=&#8220;50&#8243; shift_x=&#8220;0&#8243; shift_y=&#8220;0&#8243; shift_y_down=&#8220;0&#8243; z_index=&#8220;0&#8243; medium_width=&#8220;0&#8243; mobile_width=&#8220;0&#8243; width=&#8220;8\/12&#8243;][vc_custom_heading heading_semantic=&#8220;h3&#8243; text_size=&#8220;h3&#8243; text_weight=&#8220;200&#8243; uncode_shortcode_id=&#8220;813701&#8243;]<\/p>\n<p data-start=\"91\" data-end=\"418\"><strong data-start=\"91\" data-end=\"132\">Zerspanung \u2013 Pr\u00e4zision in Perfektion.<\/strong><br data-start=\"132\" data-end=\"135\" \/>Aus Edelstahl, Kunststoff und vielen weiteren Materialien entstehen durch Drehen, Fr\u00e4sen, Bohren und Schleifen hochpr\u00e4zise Bauteile. Mit modernster Technik fertigen wir Komponenten, die in Automobilindustrie, Luft- und Raumfahrt, Maschinenbau und Medizintechnik unverzichtbar sind.<\/p>\n<p data-start=\"420\" data-end=\"696\">Das Ergebnis: maximale Ma\u00dfgenauigkeit, perfekte Oberfl\u00e4chenqualit\u00e4t und Bauteile, die in Funktionalit\u00e4t und Langlebigkeit Ma\u00dfst\u00e4be setzen. Durch stetige Innovation erreichen wir nicht nur h\u00f6here Effizienz, sondern auch eine ressourcenschonende, umweltfreundliche Produktion.<\/p>\n<p data-start=\"698\" data-end=\"774\"><strong data-start=\"698\" data-end=\"772\">Wir machen aus Rohmaterial Zukunft \u2013 pr\u00e4zise, zuverl\u00e4ssig, nachhaltig.<\/strong><\/p>\n<p>[\/vc_custom_heading][\/vc_column_inner][\/vc_row_inner][\/vc_column][\/vc_row][vc_row row_height_percent=&#8220;0&#8243; override_padding=&#8220;yes&#8220; h_padding=&#8220;2&#8243; top_padding=&#8220;7&#8243; bottom_padding=&#8220;7&#8243; back_color=&#8220;color-105898&#8243; back_image=&#8220;97923&#8243; back_position=&#8220;center top&#8220; parallax=&#8220;yes&#8220; overlay_alpha=&#8220;50&#8243; gutter_size=&#8220;4&#8243; column_width_percent=&#8220;100&#8243; shift_y=&#8220;0&#8243; z_index=&#8220;0&#8243; uncode_shortcode_id=&#8220;164123&#8243; back_color_type=&#8220;uncode-palette&#8220;][vc_column column_width_percent=&#8220;100&#8243; position_vertical=&#8220;bottom&#8220; gutter_size=&#8220;2&#8243; style=&#8220;dark&#8220; overlay_alpha=&#8220;50&#8243; shift_x=&#8220;0&#8243; shift_y=&#8220;0&#8243; shift_y_down=&#8220;0&#8243; z_index=&#8220;0&#8243; medium_width=&#8220;4&#8243; mobile_width=&#8220;0&#8243; css_animation=&#8220;alpha-anim&#8220; animation_speed=&#8220;800&#8243; width=&#8220;8\/12&#8243; uncode_shortcode_id=&#8220;976311&#8243;][vc_custom_heading heading_semantic=&#8220;h5&#8243; text_size=&#8220;&#8220; text_weight=&#8220;400&#8243; uncode_shortcode_id=&#8220;113310&#8243;]Wenn Sie sich bewerben m\u00f6chten, dann klicken Sie hier:[\/vc_custom_heading][vc_empty_space][vc_button button_color=&#8220;color-175913&#8243; size=&#8220;btn-lg&#8220; text_skin=&#8220;yes&#8220; custom_typo=&#8220;yes&#8220; font_family=&#8220;font-555555&#8243; font_weight=&#8220;400&#8243; border_width=&#8220;0&#8243; scale_mobile=&#8220;no&#8220; uncode_shortcode_id=&#8220;892024&#8243; button_color_type=&#8220;uncode-palette&#8220; link=&#8220;url:%2Fbewerbung.html&#8220;]jetzt bewerben[\/vc_button][\/vc_column][vc_column column_width_percent=&#8220;100&#8243; position_vertical=&#8220;bottom&#8220; align_horizontal=&#8220;align_right&#8220; gutter_size=&#8220;3&#8243; style=&#8220;dark&#8220; font_family=&#8220;font-136269&#8243; overlay_alpha=&#8220;50&#8243; shift_x=&#8220;0&#8243; shift_y=&#8220;0&#8243; shift_y_down=&#8220;0&#8243; z_index=&#8220;0&#8243; medium_width=&#8220;4&#8243; mobile_visibility=&#8220;yes&#8220; mobile_width=&#8220;0&#8243; width=&#8220;4\/12&#8243; uncode_shortcode_id=&#8220;137388&#8243;][\/vc_column][\/vc_row][vc_row row_height_percent=&#8220;0&#8243; override_padding=&#8220;yes&#8220; h_padding=&#8220;2&#8243; top_padding=&#8220;7&#8243; bottom_padding=&#8220;7&#8243; back_color=&#8220;color-nhtu&#8220; overlay_alpha=&#8220;100&#8243; gutter_size=&#8220;4&#8243; column_width_percent=&#8220;100&#8243; shift_y=&#8220;0&#8243; z_index=&#8220;0&#8243; uncode_shortcode_id=&#8220;286171&#8243; back_color_type=&#8220;uncode-palette&#8220;][vc_column column_width_percent=&#8220;100&#8243; position_horizontal=&#8220;left&#8220; gutter_size=&#8220;3&#8243; style=&#8220;dark&#8220; overlay_alpha=&#8220;100&#8243; shift_x=&#8220;0&#8243; shift_y=&#8220;0&#8243; shift_y_down=&#8220;0&#8243; z_index=&#8220;0&#8243; medium_width=&#8220;2&#8243; mobile_visibility=&#8220;yes&#8220; mobile_width=&#8220;0&#8243; zoom_width=&#8220;0&#8243; zoom_height=&#8220;0&#8243; width=&#8220;4\/12&#8243; uncode_shortcode_id=&#8220;123385&#8243;][vc_single_image media=&#8220;131020&#8243; media_width_use_pixel=&#8220;yes&#8220; media_width_pixel=&#8220;200&#8243; uncode_shortcode_id=&#8220;606927&#8243;][\/vc_column][vc_column column_width_percent=&#8220;100&#8243; position_horizontal=&#8220;left&#8220; gutter_size=&#8220;3&#8243; style=&#8220;dark&#8220; font_family=&#8220;font-136269&#8243; overlay_alpha=&#8220;100&#8243; shift_x=&#8220;0&#8243; shift_y=&#8220;0&#8243; shift_y_down=&#8220;0&#8243; z_index=&#8220;0&#8243; medium_width=&#8220;6&#8243; mobile_width=&#8220;0&#8243; zoom_width=&#8220;0&#8243; zoom_height=&#8220;0&#8243; width=&#8220;8\/12&#8243; uncode_shortcode_id=&#8220;146921&#8243;][vc_row_inner row_inner_height_percent=&#8220;0&#8243; overlay_alpha=&#8220;50&#8243; gutter_size=&#8220;4&#8243; shift_y=&#8220;0&#8243; z_index=&#8220;0&#8243; limit_content=&#8220;&#8220; uncode_shortcode_id=&#8220;140623&#8243;][vc_column_inner column_width_percent=&#8220;100&#8243; gutter_size=&#8220;3&#8243; style=&#8220;dark&#8220; overlay_alpha=&#8220;50&#8243; shift_x=&#8220;0&#8243; shift_y=&#8220;0&#8243; shift_y_down=&#8220;0&#8243; z_index=&#8220;0&#8243; medium_width=&#8220;3&#8243; mobile_width=&#8220;0&#8243; width=&#8220;1\/3&#8243; uncode_shortcode_id=&#8220;475918&#8243;][vc_custom_heading heading_semantic=&#8220;h5&#8243; text_size=&#8220;h3&#8243; text_weight=&#8220;400&#8243; uncode_shortcode_id=&#8220;633916&#8243;]Mehr&#8230;[\/vc_custom_heading][uncode_list icon=&#8220;fa fa-arrow-right2&#8243; uncode_shortcode_id=&#8220;177668&#8243;]<\/p>\n<ul>\n<li><a href=\"#work\" rel=\"nofollow noopener\">Arbeiten<\/a><\/li>\n<li><a href=\"https:\/\/elbmarschzerspanung.de\/index.php\/datenschutz-bei-zerspanungstechnik-marko-behr\/\">Impressum<\/a><\/li>\n<li><a href=\"https:\/\/elbmarschzerspanung.de\/index.php\/datenschutz-bei-zerspanungstechnik-marko-behr\/\" rel=\"nofollow noopener\">Datenschutz<\/a><\/li>\n<\/ul>\n<p>[\/uncode_list][\/vc_column_inner][vc_column_inner column_width_percent=&#8220;100&#8243; gutter_size=&#8220;3&#8243; style=&#8220;dark&#8220; overlay_alpha=&#8220;50&#8243; shift_x=&#8220;0&#8243; shift_y=&#8220;0&#8243; shift_y_down=&#8220;0&#8243; z_index=&#8220;0&#8243; medium_width=&#8220;3&#8243; mobile_width=&#8220;0&#8243; width=&#8220;1\/3&#8243; uncode_shortcode_id=&#8220;193822&#8243;][vc_custom_heading heading_semantic=&#8220;h5&#8243; text_size=&#8220;h3&#8243; text_weight=&#8220;400&#8243; uncode_shortcode_id=&#8220;257165&#8243;]Betriebsadresse[\/vc_custom_heading][vc_column_text uncode_shortcode_id=&#8220;147470&#8243;]Zerspanungstechnik M.Behr<br \/>\nMarko Behr<br \/>\nL\u00fcneburger Strasse 94b<br \/>\nD-21395 Tespe[\/vc_column_text][\/vc_column_inner][vc_column_inner column_width_percent=&#8220;100&#8243; gutter_size=&#8220;3&#8243; style=&#8220;dark&#8220; overlay_alpha=&#8220;50&#8243; shift_x=&#8220;0&#8243; shift_y=&#8220;0&#8243; shift_y_down=&#8220;0&#8243; z_index=&#8220;0&#8243; medium_width=&#8220;3&#8243; mobile_width=&#8220;0&#8243; width=&#8220;1\/3&#8243; uncode_shortcode_id=&#8220;484692&#8243;][vc_custom_heading heading_semantic=&#8220;h5&#8243; text_size=&#8220;h3&#8243; text_weight=&#8220;400&#8243; uncode_shortcode_id=&#8220;575720&#8243;]Kontakt[\/vc_custom_heading][vc_column_text uncode_shortcode_id=&#8220;146221&#8243;]<a href=\"mailto:info@elbmarschzerspanung.de\">info@elbmarschzerspanung.de<\/a><br \/>\nTel. 04176-7134<br \/>\nFax 04176-7092[\/vc_column_text][\/vc_column_inner][\/vc_row_inner][uncode_vertical_text fixed=&#8220;yes&#8220; vertical_text_h_pos=&#8220;2&#8243; text_size=&#8220;h4&#8243; show_after_scroll=&#8220;yes&#8220; difference=&#8220;yes&#8220; uncode_shortcode_id=&#8220;192860&#8243;]<a href=\"mailto:info@elbmarschzerspanung.de\">Zerspanungstechnik Marko Behr<\/a>[\/uncode_vertical_text][\/vc_column][\/vc_row]<\/p>\n<\/div>","protected":false},"excerpt":{"rendered":"<p>[vc_row row_height_percent=&#8220;85&#8243; override_padding=&#8220;yes&#8220; h_padding=&#8220;2&#8243; top_padding=&#8220;7&#8243; bottom_padding=&#8220;7&#8243; back_color=&#8220;color-nhtu&#8220; overlay_alpha=&#8220;50&#8243; gutter_size=&#8220;4&#8243; column_width_percent=&#8220;100&#8243; shift_y=&#8220;0&#8243; z_index=&#8220;0&#8243; uncode_shortcode_id=&#8220;819382&#8243; back_color_type=&#8220;uncode-palette&#8220;][vc_column column_width_percent=&#8220;100&#8243; position_vertical=&#8220;middle&#8220; gutter_size=&#8220;3&#8243; style=&#8220;dark&#8220; overlay_alpha=&#8220;50&#8243; shift_x=&#8220;0&#8243; [&hellip;]<\/p>\n","protected":false},"author":1,"featured_media":0,"parent":0,"menu_order":0,"comment_status":"closed","ping_status":"closed","template":"","meta":{"footnotes":""},"class_list":["post-90097","page","type-page","status-publish","hentry","page_category-agency","page_category-creative"],"_links":{"self":[{"href":"https:\/\/elbmarschzerspanung.de\/index.php\/wp-json\/wp\/v2\/pages\/90097","targetHints":{"allow":["GET"]}}],"collection":[{"href":"https:\/\/elbmarschzerspanung.de\/index.php\/wp-json\/wp\/v2\/pages"}],"about":[{"href":"https:\/\/elbmarschzerspanung.de\/index.php\/wp-json\/wp\/v2\/types\/page"}],"author":[{"embeddable":true,"href":"https:\/\/elbmarschzerspanung.de\/index.php\/wp-json\/wp\/v2\/users\/1"}],"replies":[{"embeddable":true,"href":"https:\/\/elbmarschzerspanung.de\/index.php\/wp-json\/wp\/v2\/comments?post=90097"}],"version-history":[{"count":69,"href":"https:\/\/elbmarschzerspanung.de\/index.php\/wp-json\/wp\/v2\/pages\/90097\/revisions"}],"predecessor-version":[{"id":131084,"href":"https:\/\/elbmarschzerspanung.de\/index.php\/wp-json\/wp\/v2\/pages\/90097\/revisions\/131084"}],"wp:attachment":[{"href":"https:\/\/elbmarschzerspanung.de\/index.php\/wp-json\/wp\/v2\/media?parent=90097"}],"curies":[{"name":"wp","href":"https:\/\/api.w.org\/{rel}","templated":true}]}}