{"id":131043,"date":"2024-05-01T14:07:19","date_gmt":"2024-05-01T14:07:19","guid":{"rendered":"https:\/\/elbmarschzerspanung.de\/?page_id=131043"},"modified":"2024-05-01T16:09:08","modified_gmt":"2024-05-01T16:09:08","slug":"datenschutz-bei-zerspanungstechnik-marko-behr","status":"publish","type":"page","link":"https:\/\/elbmarschzerspanung.de\/index.php\/datenschutz-bei-zerspanungstechnik-marko-behr\/","title":{"rendered":"Impressum und Datenschutz Zerspanungstechnik Marko Behr"},"content":{"rendered":"<div class=\"wpb-content-wrapper\"><p>[vc_row][vc_column width=&#8220;1\/1&#8243;][vc_column_text uncode_shortcode_id=&#8220;319601&#8243;]Zerspanungstechnik M.Behr<br \/>\nMarko Behr<br \/>\nL\u00fcneburger Strasse 94b<br \/>\nD-21395 Tespe<\/p>\n<p><a href=\"mailto:info@elbmarschzerspanung.de\">info@elbmarschzerspanung.de<\/a><br \/>\nTel. 04176-7134<br \/>\nFax 04176-7092[\/vc_column_text][vc_custom_heading uncode_shortcode_id=&#8220;189273&#8243;]Impressum[\/vc_custom_heading][vc_custom_heading uncode_shortcode_id=&#8220;394129&#8243;]Datenschutzerkl\u00e4rung[\/vc_custom_heading][vc_column_text uncode_shortcode_id=&#8220;101950&#8243;]Information \u00fcber die Erhebung personenbezogener Daten<br \/>\n(1) Im Folgenden informieren wir \u00fcber die Erhebung personenbezogener Daten bei Nutzung unserer Website. Personenbezogene Daten sind alle Daten, die auf Sie pers\u00f6nlich beziehbar sind, z. B. Name, Adresse, E-Mail-Adressen, Nutzerverhalten.<br \/>\n(2) Verantwortlicher gem. Art. 4 Abs. 7 EU-Datenschutz-Grundverordnung (DS-GVO) ist die Zerspanungstechnik Marko Behr, L\u00fcneburger Strasse 94b, Tespe, Email: info@elbmarschzerspanung.de<br \/>\nTel. 04176-7134<br \/>\nFax 04176-7092.<\/p>\n<p>(3) Bei Ihrer Kontaktaufnahme mit uns per E-Mail oder \u00fcber ein Kontaktformular werden die von Ihnen mitgeteilten Daten (Ihre E-Mail-Adresse, ggf. Ihr Name und Ihre Telefonnummer) von uns gespeichert, um Ihre Fragen zu beantworten. Die in diesem Zusammenhang anfallenden Daten l\u00f6schen wir, nachdem die Speicherung nicht mehr erforderlich ist, oder schr\u00e4nken die Verarbeitung ein, falls gesetzliche Aufbewahrungspflichten bestehen.<br \/>\n(4) Falls wir f\u00fcr einzelne Funktionen unseres Angebots auf beauftragte Dienstleister zur\u00fcckgreifen oder Ihre Daten f\u00fcr werbliche Zwecke nutzen m\u00f6chten, werden wir Sie untenstehend im Detail \u00fcber die jeweiligen Vorg\u00e4nge informieren. Dabei nennen wir auch die festgelegten Kriterien der Speicherdauer.<br \/>\n(5) Diese Seite nutzt aus Sicherheitsgr\u00fcnden und zum Schutz der \u00dcbertragung vertraulicher Inhalte, wie zum Beispiel Bestellungen oder Anfragen, die Sie an uns als Seitenbetreiber senden, eine SSL-bzw. TLS-Verschl\u00fcsselung. Eine verschl\u00fcsselte Verbindung erkennen Sie daran, dass die Adresszeile des Browsers von \u201chttp:\/\/\u201d auf \u201chttps:\/\/\u201d wechselt und an dem Schloss-Symbol in Ihrer Browserzeile. Wenn die SSL- bzw. TLS-Verschl\u00fcsselung aktiviert ist, k\u00f6nnen die Daten, die Sie an uns \u00fcbermitteln, nicht von Dritten mitgelesen werden.<br \/>\n\u00a72<br \/>\nIhre Rechte<br \/>\n(1) Sie haben gegen\u00fcber uns folgende Rechte hinsichtlich der Sie betreffenden personenbezogenen Daten:<br \/>\nRecht auf Auskunft,<br \/>\nRecht auf Berichtigung oder L\u00f6schung,<br \/>\nRecht auf Einschr\u00e4nkung der Verarbeitung,<br \/>\nRecht auf Widerspruch gegen die Verarbeitung,<br \/>\nRecht auf Daten\u00fcbertragbarkeit.<br \/>\n(2) Sie haben zudem das Recht, sich bei einer Datenschutz-Aufsichtsbeh\u00f6rde \u00fcber die Verarbeitung Ihrer personenbezogenen Daten durch uns zu beschweren.<br \/>\n\u00a7 3<br \/>\nErhebung personenbezogener Daten bei Besuch unserer Website<br \/>\n(1) Bei der blo\u00df informatorischen Nutzung der Website, also wenn Sie sich nicht registrieren oder uns anderweitig Informationen \u00fcbermitteln, erheben wir nur die personenbezogenen Daten, die Ihr Browser an unseren Server \u00fcbermittelt. Wenn Sie unsere Website betrachten m\u00f6chten, erheben wir die folgenden Daten, die f\u00fcr uns technisch erforderlich sind, um Ihnen unsere Website anzuzeigen und die Stabilit\u00e4t und Sicherheit zu gew\u00e4hrleisten (Rechtsgrundlage ist Art. 6 Abs. 1 S. 1 lit. f DS-GVO):<br \/>\nIP-Adresse<br \/>\nDatum und Uhrzeit der Anfrage<br \/>\nZeitzonendifferenz zur Greenwich Mean Time (GMT)<br \/>\nInhalt der Anforderung (konkrete Seite)<br \/>\nZugriffsstatus\/HTTP-Statuscode<br \/>\njeweils \u00fcbertragene Datenmenge<br \/>\nWebsite, von der die Anforderung kommt<br \/>\nBrowser<br \/>\nBetriebssystem und dessen Oberfl\u00e4che<br \/>\nSprache und Version der Browsersoftware.<br \/>\n(2) Zus\u00e4tzlich zu den zuvor genannten Daten werden bei Ihrer Nutzung unserer Website Cookies auf Ihrem Rechner gespeichert. Bei Cookies handelt es sich um kleine Textdateien, die auf Ihrer Festplatte dem von Ihnen verwendeten Browser zugeordnet gespeichert werden und durch welche der Stelle, die den Cookie setzt (hier durch uns), bestimmte Informationen zuflie\u00dfen. Cookies k\u00f6nnen keine Programme ausf\u00fchren oder Viren auf Ihren Computer \u00fcbertragen. Sie dienen dazu, das Internetangebot insgesamt nutzerfreundlicher und effektiver zu machen<br \/>\n(3) Einsatz von Cookies:<br \/>\na) Diese Website nutzt folgende Arten von Cookies, deren Umfang und Funktionsweise im Folgenden erl\u00e4utert werden:<br \/>\nTransiente Cookies (dazu b)<br \/>\nPersistente Cookies (dazu c).<br \/>\n(b) Transiente Cookies werden automatisiert gel\u00f6scht, wenn Sie den Browser schlie\u00dfen. Dazu z\u00e4hlen insbesondere die Session-Cookies. Diese speichern eine sogenannte Session-ID, mit welcher sich verschiedene Anfragen Ihres Browsers der gemeinsamen Sitzung zuordnen lassen. Dadurch kann Ihr Rechner wiedererkannt werden, wenn Sie auf unsere Website zur\u00fcckkehren. Die Session-Cookies werden gel\u00f6scht, wenn Sie sich ausloggen oder den Browser schlie\u00dfen.<br \/>\n(c) Persistente Cookies werden automatisiert nach einer vorgegebenen Dauer gel\u00f6scht, die sich je nach Cookie unterscheiden kann. Sie k\u00f6nnen die Cookies in den Sicherheitseinstellungen Ihres Browsers jederzeit l\u00f6schen.<br \/>\n(d) Sie k\u00f6nnen Ihre Browser-Einstellung entsprechend Ihren W\u00fcnschen konfigurieren und z. B. die Annahme von Third-Party-Cookies oder allen Cookies ablehnen. Wir weisen Sie darauf hin, dass Sie eventuell nicht alle Funktionen dieser Website nutzen k\u00f6nnen.<br \/>\n\u00a74<br \/>\nWeitere Funktionen und Angebote unserer Website<br \/>\n(1) Neben der rein informatorischen Nutzung unserer Website bieten wir verschiedene Leistungen an, die Sie bei Interesse nutzen k\u00f6nnen. Dazu m\u00fcssen Sie in der Regel weitere personenbezogene Daten angeben, die wir zur Erbringung der jeweiligen Leistung nutzen und f\u00fcr die die zuvor genannten Grunds\u00e4tze zur Datenverarbeitung gelten.<br \/>\n(2) Teilweise bedienen wir uns zur Verarbeitung Ihrer Daten externer Dienstleister. Diese wurden von uns sorgf\u00e4ltig ausgew\u00e4hlt und beauftragt, sind an unsere Weisungen gebunden und werden regelm\u00e4\u00dfig kontrolliert.<br \/>\n(3) Weiterhin k\u00f6nnen wir Ihre personenbezogenen Daten an Dritte weitergeben, wenn Aktionsteilnahmen, Gewinnspiele, Vertragsabschl\u00fcsse oder \u00e4hnliche Leistungen von uns gemeinsam mit Partnern angeboten werden. N\u00e4here Informationen hierzu erhalten Sie bei Angabe Ihrer personenbezogenen Daten oder untenstehend in der Beschreibung des Angebotes.<br \/>\n(4) Soweit unsere Dienstleister oder Partner ihren Sitz in einem Staat au\u00dferhalb des Europ\u00e4ischen Wirtschaftsraumen (EWR) haben, informieren wir Sie \u00fcber die Folgen dieses Umstands in der Beschreibung des Angebotes.<br \/>\n\u00a75<br \/>\nWiderspruch oder Widerruf gegen die Verarbeitung Ihrer Daten<br \/>\n(1) Falls Sie eine Einwilligung zur Verarbeitung Ihrer Daten erteilt haben, k\u00f6nnen Sie diese jederzeit widerrufen. Ein solcher Widerruf beeinflusst die Zul\u00e4ssigkeit der Verarbeitung Ihrer personenbezogenen Daten, nachdem Sie ihn gegen\u00fcber uns ausgesprochen haben.<br \/>\n()2 Soweit wir die Verarbeitung Ihrer personenbezogenen Daten auf die Interessenabw\u00e4gung st\u00fctzen, k\u00f6nnen Sie Widerspruch gegen die Verarbeitung einlegen. Dies ist der Fall, wenn die Verarbeitung insbesondere nicht zur Erf\u00fcllung eines Vertrags mit Ihnen erforderlich ist, was von uns jeweils bei der nachfolgenden Beschreibung der Funktionen dargestellt wird. Bei Aus\u00fcbung eines solchen Widerspruchs bitten wir um Darlegung der Gr\u00fcnde, weshalb wir Ihre personenbezogenen Daten nicht wie von uns durchgef\u00fchrt verarbeiten sollten.<br \/>\nIm Falle Ihres begr\u00fcndeten Widerspruchs pr\u00fcfen wir die Sachlage und werden entweder die Datenverarbeitung einstellen bzw. anpassen oder Ihnen unsere zwingenden schutzw\u00fcrdigen Gr\u00fcnde aufzeigen, aufgrund derer wir die Verarbeitung fortf\u00fchren.<br \/>\n(3) Selbstverst\u00e4ndlich k\u00f6nnen Sie der Verarbeitung Ihrer personenbezogenen Daten f\u00fcr Zwecke der Werbung und Datenanalyse jederzeit widersprechen. \u00dcber Ihren Werbewiderspruch k\u00f6nnen Sie uns unter folgenden Kontaktdaten informieren:<br \/>\nZerspanungstechnik M.Behr<br \/>\nMarko Behr<br \/>\nL\u00fcneburger Strasse 94b<br \/>\nD-21395 Tespe<br \/>\ninfo@elbmarschzerspanung.de<br \/>\nTel. 04176-7134<br \/>\nFax 04176-7092<br \/>\n\u00a76<br \/>\nEinbindung von YouTube-Videos<br \/>\n(1) Wir haben YouTube-Videos in unser Online-Angebot eingebunden, die auf https:\/\/www.YouTube.com gespeichert sind und von unserer Website aus direkt abspielbar sind. Diese sind alle im \u201eerweiterten Datenschutz-Modus\u201c eingebunden, d. h. dass keine Daten \u00fcber Sie als Nutzer an YouTube \u00fcbertragen werden, wenn Sie die Videos nicht abspielen. Erst wenn Sie die Videos abspielen, werden die in Absatz 2 genannten Daten \u00fcbertragen. Auf diese Daten\u00fcbertragung haben wir keinen Einfluss.<br \/>\n(2) Durch den Besuch auf der Website erh\u00e4lt YouTube die Information, dass Sie die entsprechende Unterseite unserer Website aufgerufen haben. Zudem werden die unter \u00a7 3 dieser Erkl\u00e4rung genannten Daten \u00fcbermittelt. Dies erfolgt unabh\u00e4ngig davon, ob YouTube ein Nutzerkonto bereitstellt, \u00fcber das Sie eingeloggt sind, oder ob kein Nutzerkonto besteht. Wenn Sie bei Google eingeloggt sind, werden Ihre Daten direkt Ihrem Konto zugeordnet. Wenn Sie die Zuordnung mit Ihrem Profil bei YouTube nicht w\u00fcnschen, m\u00fcssen Sie sich vor Aktivierung des Buttons ausloggen. YouTube speichert Ihre Daten als Nutzungsprofile und nutzt sie f\u00fcr Zwecke der Werbung, Marktforschung und\/oder bedarfsgerechten Gestaltung seiner Website. Eine solche Auswertung erfolgt insbesondere (selbst f\u00fcr nicht eingeloggte Nutzer) zur Erbringung von bedarfsgerechter Werbung und um andere Nutzer des sozialen Netzwerks \u00fcber Ihre Aktivit\u00e4ten auf unserer Website zu informieren. Ihnen steht ein Widerspruchsrecht zu gegen die Bildung dieser Nutzerprofile, wobei Sie sich zur Aus\u00fcbung dessen an YouTube richten m\u00fcssen.<br \/>\n(3) Weitere Informationen zu Zweck und Umfang der Datenerhebung und ihrer Verarbeitung durch YouTube erhalten Sie in der Datenschutzerkl\u00e4rung. Dort erhalten Sie auch weitere Informationen zu Ihren Rechten und Einstellungsm\u00f6glichkeiten zum Schutze Ihrer Privatsph\u00e4re: https:\/\/www.google.de\/intl\/de\/policies\/privacy.<br \/>\n\u00a77<br \/>\nAufsichtsbeh\u00f6rde<br \/>\nDie f\u00fcr uns zust\u00e4ndige Datenschutzaufsichtsbeh\u00f6rde ist der<br \/>\nDer Landesbeauftragte f\u00fcr den Datenschutz Niedersachsen<br \/>\nPrinzenstra\u00dfe 5<br \/>\n30159 Hannover<\/p>\n<p>Telefon: 0511 120-4500<br \/>\nTelefax: 0511 120-4599[\/vc_column_text][\/vc_column][\/vc_row]<\/p>\n<\/div>","protected":false},"excerpt":{"rendered":"<p>[vc_row][vc_column width=&#8220;1\/1&#8243;][vc_column_text uncode_shortcode_id=&#8220;319601&#8243;]Zerspanungstechnik M.Behr Marko Behr L\u00fcneburger Strasse 94b D-21395 Tespe info@elbmarschzerspanung.de Tel. 04176-7134 Fax 04176-7092[\/vc_column_text][vc_custom_heading uncode_shortcode_id=&#8220;189273&#8243;]Impressum[\/vc_custom_heading][vc_custom_heading uncode_shortcode_id=&#8220;394129&#8243;]Datenschutzerkl\u00e4rung[\/vc_custom_heading][vc_column_text uncode_shortcode_id=&#8220;101950&#8243;]Information \u00fcber [&hellip;]<\/p>\n","protected":false},"author":1,"featured_media":0,"parent":0,"menu_order":0,"comment_status":"closed","ping_status":"closed","template":"","meta":{"footnotes":""},"class_list":["post-131043","page","type-page","status-publish","hentry"],"_links":{"self":[{"href":"https:\/\/elbmarschzerspanung.de\/index.php\/wp-json\/wp\/v2\/pages\/131043","targetHints":{"allow":["GET"]}}],"collection":[{"href":"https:\/\/elbmarschzerspanung.de\/index.php\/wp-json\/wp\/v2\/pages"}],"about":[{"href":"https:\/\/elbmarschzerspanung.de\/index.php\/wp-json\/wp\/v2\/types\/page"}],"author":[{"embeddable":true,"href":"https:\/\/elbmarschzerspanung.de\/index.php\/wp-json\/wp\/v2\/users\/1"}],"replies":[{"embeddable":true,"href":"https:\/\/elbmarschzerspanung.de\/index.php\/wp-json\/wp\/v2\/comments?post=131043"}],"version-history":[{"count":13,"href":"https:\/\/elbmarschzerspanung.de\/index.php\/wp-json\/wp\/v2\/pages\/131043\/revisions"}],"predecessor-version":[{"id":131060,"href":"https:\/\/elbmarschzerspanung.de\/index.php\/wp-json\/wp\/v2\/pages\/131043\/revisions\/131060"}],"wp:attachment":[{"href":"https:\/\/elbmarschzerspanung.de\/index.php\/wp-json\/wp\/v2\/media?parent=131043"}],"curies":[{"name":"wp","href":"https:\/\/api.w.org\/{rel}","templated":true}]}}